{"id":1105,"date":"2017-12-14T10:38:41","date_gmt":"2017-12-14T09:38:41","guid":{"rendered":"http:\/\/polisia.mlnv.org\/main\/?page_id=1105"},"modified":"2022-02-21T20:27:52","modified_gmt":"2022-02-21T19:27:52","slug":"catalogna-polizia-catalana-mossos-desquadra","status":"publish","type":"page","link":"http:\/\/polisia.mlnv.org\/main\/catalogna-polizia-catalana-mossos-desquadra\/","title":{"rendered":"CATALOGNA &#8211; MOSSOS D&#8217;ESQUADRA"},"content":{"rendered":"<div>La Catalogna e la sua Polizia ovvero il Mossos D&#8217;Esquadra.<\/div>\n<div><img loading=\"lazy\" decoding=\"async\" class=\"size-medium wp-image-1115 alignright\" title=\"\" src=\"http:\/\/polisia.mlnv.org\/main\/wp-content\/uploads\/2017\/12\/mossos-desquadra004-1000x600-300x180.jpg\" alt=\"mossos-desquadra004-1000x600\" width=\"300\" height=\"180\" srcset=\"http:\/\/polisia.mlnv.org\/main\/wp-content\/uploads\/2017\/12\/mossos-desquadra004-1000x600-300x180.jpg 300w, http:\/\/polisia.mlnv.org\/main\/wp-content\/uploads\/2017\/12\/mossos-desquadra004-1000x600-768x461.jpg 768w, http:\/\/polisia.mlnv.org\/main\/wp-content\/uploads\/2017\/12\/mossos-desquadra004-1000x600.jpg 1000w\" sizes=\"auto, (max-width: 300px) 100vw, 300px\" \/>Si sono trovati al centro del\u00a0braccio di ferro tra Barcellona e Madrid\u00a0scatenato dal referendum del 2 ottobre 2017.<\/div>\n<div>I &#8220;<em>Ragazzi di Squadra<\/em>&#8220;, membri della\u00a0Polizia autonoma catalana, non sono intervenuti quando Madrid ha dichiarato incostituzionale il\u00a0voto per l&#8217;indipendenza.<\/div>\n<div>Dopo i disordini, il capo dei Mossos\u00a0Josep Lluis<\/div>\n<div>Trapero\u00a0\u00e8 stato indagato per il comportamento passivo dei suoi uomini nei confronti dei concittadini, come successe pi\u00f9 di un secolo fa durante la &#8220;Semana Tr\u00e0gica&#8221; che segu\u00ec lo sciopero generale del 1909.<\/div>\n<div>Ma chi sono questi guardiani della sicurezza catalana?<br \/>\nEcco qui la storia del Corpo di Polizia della Generalitat de Catalunya.<\/div>\n<div>\n<div><strong>Le origini<\/strong><\/div>\n<div>All&#8217;inizio del &#8216;700 in Catalogna appaiono le prime squadre paesane, di fatto ronde di cittadini, organizzate per supplire alle funzioni di pubblica sicurezza durante i lunghi periodi di assenza dell&#8217;Esercito mobilitato nelle frequenti guerre europee.<\/div>\n<div>Per gran parte del secolo XIX i Mossos furono fortemente ridimensionati per le divergenze tra i comuni catalani, che avevano l&#8217;onere di finanziarli, e il Capitanato di Catalogna che spingeva per il rafforzamento di un corpo di polizia regionale.<\/div>\n<div>Disciolti fra il 1868 e il 1874, saranno successivamente ricostituiti ed utilizzati nella sola Deputazione di Barcellona.<\/div>\n<div>Allo scoppio della Guerra Civile spagnola nel luglio 1936, il corpo di polizia catalana si mantiene fedele alla Repubblica rappresentata nella Generalitat. Tre anni dopo, la vittoria di Francisco Franco determina la soppressione\u00a0definitiva\u00a0dei Mossos.<\/div>\n<div>Soltanto nel 1950, durante la fase di &#8220;normalizzazione&#8221; del regime per gli sviluppi della guerra fredda, il\u00a0<em>caudillo<\/em>\u00a0conceder\u00e0 ai catalani la rappresentanza dei Mossos unicamente come guardia al palazzo della Provincia di Barcellona, che sostitu\u00ec la Generalitat autonoma.<\/div>\n<div>Il ritorno della democrazia<\/div>\n<div>La morte di Franco nel\u00a01975\u00a0a cui segu\u00ec la transizione verso la democrazia e verso il riconoscimento dell&#8217;autonomia regionale della Catalogna, significher\u00e0 l&#8217;inizio della nuova storia del corpo.<\/div>\n<div>Posto alle dirette dipendenze della neonata Generalitat de Catalunya, con la peculiare caratteristica di essere un &#8220;corpo di Polizia avente la volont\u00e0 di rimanere legata al popolo catalano al quale appartiene e che ha il dovere di servire&#8221;.<\/div>\n<div>Nel\u00a01980\u00a0tutte le competenze di pubblica sicurezza del Ministero degli Interni spagnolo passano alla Generalitat: \u00e8 l&#8217;atto di nascita di un corpo di polizia autonoma vero e proprio.<\/div>\n<div>Dal\u00a01983\u00a0i Mossos d&#8217;Esquadra si occupano di alcune funzioni specifiche sul territorio catalano come quelle di polizia tributaria, di guardia particolare delle personalit\u00e0 della Generalitat e del controllo sul gioco e sui minori.<\/div>\n<div><strong>L&#8217;autonomia<\/strong><\/div>\n<div>Un ulteriore salto di qualit\u00e0 avverr\u00e0 nel\u00a01994\u00a0quando al ministero degli interni catalano (<em>Junta de Seguretat de Catalunya<\/em>) sar\u00e0 permessa la sostituzione della Policia Nacional e della Guardia Civil con i Mossos in gran parte del territorio, esclusa la capitale Barcellona.<\/div>\n<div>Dal gennaio\u00a01997\u00a0il corpo assume la funzione specialistica di polizia stradale, sostituendo la\u00a0<em>Guardia Civil Tr\u00e0fico<\/em>.<\/div>\n<div>Dal\u00a02000\u00a0i Mossos d&#8217;Esquadra entrano nelle competenze del territorio metropolitano di Barcellona, processo terminato nel\u00a02008\u00a0con l&#8217;inclusione delle ultime province catalane dell&#8217;Ebro e di Tarragona.<\/div>\n<div>\n<div>(Tratto da <a href=\"https:\/\/www.panorama.it\/news\/esteri\/mossos-desquadra-la-storia-della-polizia-dei-catalani-foto\/#gallery-0=slide-4\">CLICCA QUI<\/a>)<\/div>\n<div><\/div>\n<div><strong>COMPETENZE SPECIFICHE<\/strong><\/div>\n<div><img loading=\"lazy\" decoding=\"async\" width=\"300\" height=\"160\" class=\"alignright size-medium wp-image-1117\" style=\"width: 200px; height: 107px; float: right;\" src=\"http:\/\/polisia.mlnv.org\/main\/wp-content\/uploads\/2017\/12\/Catalan_Police_Car-300x160.jpg\" alt=\"Catalan_Police_Car\" srcset=\"http:\/\/polisia.mlnv.org\/main\/wp-content\/uploads\/2017\/12\/Catalan_Police_Car-300x160.jpg 300w, http:\/\/polisia.mlnv.org\/main\/wp-content\/uploads\/2017\/12\/Catalan_Police_Car-768x409.jpg 768w, http:\/\/polisia.mlnv.org\/main\/wp-content\/uploads\/2017\/12\/Catalan_Police_Car.jpg 788w\" sizes=\"auto, (max-width: 300px) 100vw, 300px\" \/>Dal 2008 hanno competenze sul traffico e tutte le funzioni di polizia stradale, di ordine pubblico, e pubblica sicurezza in tutto il territorio della Catalogna, con 14.000 agenti distribuiti in nove regioni di polizia, oltre a 1.200 agenti che sono dedicati al controllo del traffico.<\/div>\n<div><\/div>\n<div><strong>DIVISIONI<\/strong><\/div>\n<div>CGIC &#8211; Comisar\u00eda General de Investigaci\u00f3n Criminal (Investigazioni criminali)<\/div>\n<div>UTIs &#8211; 7 Unidades Territoriales de Investigaci\u00f3n<\/div>\n<div>CGRO &#8211; Comisar\u00eda General de Recursos Operativos (risorse umane e materiali)<\/div>\n<div>AE &#8211; \u00c1rea de Escoltas (scorte)<\/div>\n<div>GEI &#8211; Grupo Especial de Intervenci\u00f3n (teste di cuoio)<\/div>\n<div>ABM &#8211; \u00c1rea de Brigada M\u00f3vil (ordine pubblico e manifestazioni)<\/div>\n<div>TEDAX (disinnesco esplosivi)<\/div>\n<div>Unidad de Subsuelo (ispezioni fognarie e sottosuolo)<\/div>\n<div>Unidad Canina (unit\u00e0 cinofila)<\/div>\n<div>UAS &#8211; Unidad de Actividades Subacu\u00e1ticas (attivit\u00e0 subacquea)<\/div>\n<div>UMA -Unidad de Medios A\u00e9reos (servizio aereo)<\/div>\n<div><\/div>\n<div><strong><em>Catalogna, il ritratto del capo dei Mossos: &#8220;Il vero eroe dei secessionisti&#8221;<\/em><\/strong><br \/>\nIl comandante della polizia catalana, ora citato come imputato di sedizione, \u00e8 diventato in questi mesi una delle figure pi\u00f9 amate in Catalogna. Prima, dopo gli attentati jihadisti di agosto, poi per la\u00a0decisione di non usare la forza nello sgombero delle scuole occupateprima del referendum di domenica.<br \/>\nNon era il primo rifiuto di\u00a0<strong>Trapero<\/strong>\u00a0che aveva gi\u00e0 contestato anche la decisione del ministero degli Interni di sottoporre i Mossos al coordinamento di un colonnello della Guardia civile.<br \/>\nDue atti di ribellione che hanno trascinato, se ce n\u2019era ancora bisogno, questo poliziotto catalano di 52 anni nel Pantheon degli eroi dell\u2019irredentismo locale.<\/div>\n<\/div>\n<div>\n<div><\/div>\n<\/div>\n<\/div>\n","protected":false},"excerpt":{"rendered":"<p>La Catalogna e la sua Polizia ovvero il Mossos D&#8217;Esquadra. Si sono trovati al centro del\u00a0braccio di ferro tra Barcellona e Madrid\u00a0scatenato dal referendum del 2 ottobre 2017. I &#8220;Ragazzi di Squadra&#8220;, membri della\u00a0Polizia autonoma catalana, non sono intervenuti quando Madrid ha dichiarato incostituzionale il\u00a0voto per l&#8217;indipendenza. Dopo i disordini, il capo dei Mossos\u00a0Josep Lluis [&hellip;]<\/p>\n","protected":false},"author":1,"featured_media":0,"parent":0,"menu_order":0,"comment_status":"closed","ping_status":"closed","template":"","meta":{"footnotes":""},"class_list":["post-1105","page","type-page","status-publish","hentry"],"_links":{"self":[{"href":"http:\/\/polisia.mlnv.org\/main\/wp-json\/wp\/v2\/pages\/1105","targetHints":{"allow":["GET"]}}],"collection":[{"href":"http:\/\/polisia.mlnv.org\/main\/wp-json\/wp\/v2\/pages"}],"about":[{"href":"http:\/\/polisia.mlnv.org\/main\/wp-json\/wp\/v2\/types\/page"}],"author":[{"embeddable":true,"href":"http:\/\/polisia.mlnv.org\/main\/wp-json\/wp\/v2\/users\/1"}],"replies":[{"embeddable":true,"href":"http:\/\/polisia.mlnv.org\/main\/wp-json\/wp\/v2\/comments?post=1105"}],"version-history":[{"count":13,"href":"http:\/\/polisia.mlnv.org\/main\/wp-json\/wp\/v2\/pages\/1105\/revisions"}],"predecessor-version":[{"id":1653,"href":"http:\/\/polisia.mlnv.org\/main\/wp-json\/wp\/v2\/pages\/1105\/revisions\/1653"}],"wp:attachment":[{"href":"http:\/\/polisia.mlnv.org\/main\/wp-json\/wp\/v2\/media?parent=1105"}],"curies":[{"name":"wp","href":"https:\/\/api.w.org\/{rel}","templated":true}]}}